{"id":29,"date":"2013-11-25T06:53:29","date_gmt":"2013-11-25T06:53:29","guid":{"rendered":"http:\/\/saaristonruoppaus.fi\/ruoppaus2013\/?page_id=29"},"modified":"2017-07-04T19:31:30","modified_gmt":"2017-07-04T16:31:30","slug":"foretaget","status":"publish","type":"page","link":"https:\/\/www.saaristonruoppaus.fi\/sv\/foretaget\/","title":{"rendered":"F\u00f6retaget"},"content":{"rendered":"<div class=\"wpb-content-wrapper\"><p>[vc_row][vc_column width=&#8221;1\/2&#8243;][vc_column_text]<\/p>\n<h1>F\u00f6retaget<\/h1>\n<p>Kullervo Ahonen var i 28 \u00e5r muddrarpionj\u00e4ren i sk\u00e4rg\u00e5rden med sitt f\u00f6retag Kaivin Ahonen \u2013 men s\u00e5 valde han att g\u00e5 i pension.<br \/>\nSk\u00e4rg\u00e5rdens Brunnsborrning Ab k\u00f6pte f\u00f6retaget och forts\u00e4tter verksamheten under namnet Sk\u00e4rg\u00e5rdens Muddring Ab \u2013 vid sidan av brunnsborrning f\u00f6r vatten och jordv\u00e4rme. Ocks\u00e5 Sk\u00e4rg\u00e5rdens Brunnsborrning \u00e4r en pionj\u00e4r inom sin bransch. F\u00f6rst med Bertel Fj\u00e4der vid rodret, och sedan 1990 med den yngre generationen, systersonen Peter Kronberg \u2013 \u00e4ven han f\u00f6retagare av f\u00f6dsel och ohejdad vana, tidigare med egen gr\u00e4vmaskin. Sedan 40 \u00e5r har m\u00e5nga av sk\u00e4rg\u00e5rdens holmar f\u00e5tt sina brunnar borrade av Sk\u00e4rg\u00e5rdens Brunnsborrning. Den specialkonstruerade \u201dborr-riggen\u201d och transportpr\u00e5men m\/s Carola \u00e4r sm\u00e5tt legendariska, och absolut inte utan orsak![\/vc_column_text][\/vc_column][vc_column width=&#8221;1\/2&#8243;][vc_single_image image=&#8221;34&#8243; img_link_target=&#8221;_self&#8221; img_size=&#8221;large&#8221;][\/vc_column][\/vc_row][vc_row][vc_column width=&#8221;1\/2&#8243;][vc_column_text]<\/p>\n<h2>Tv\u00e5 flugor i en sm\u00e4ll \u2013 lite om synergier!<\/h2>\n<p>Varf\u00f6r k\u00f6pa en muddringsfirma d\u00e5 man redan har huset fullt med jobb? Peter Kronberg valde att g\u00f6ra det p\u00e5 grund av de synergier som finns mellan verksamheterna. Det ena underl\u00e4ttar det andra, kunde man s\u00e4ga! Bygger man en stuga vill man ju ha b\u00e5de simstrand och brygga, och \u00e4ven komma fram till bryggan med sin b\u00e5t.[\/vc_column_text][\/vc_column][vc_column width=&#8221;1\/2&#8243;][vc_column_text]<\/p>\n<h3>m\/s Kuuppa<\/h3>\n<p>Kullervo Ahonen byggde sin pr\u00e5m m\/s Kuuppa redan 1990. Den m\u00e4ter 18 m fr\u00e5n f\u00f6r till akter och har en bredd p\u00e5 6,5 m. Den drivs av tv\u00e5 motorer och transportkapaciteten \u00e4r hela 50 m3 \u2013 muddringsmassor, sten, sand, grus, makadam\u2026 allt det material som beh\u00f6vs f\u00f6r bryggor och v\u00e5gbrytare.[\/vc_column_text][\/vc_column][\/vc_row]<\/p>\n<\/div>","protected":false},"excerpt":{"rendered":"<p>[vc_row][vc_column width=&#8221;1\/2&#8243;][vc_column_text] F\u00f6retaget Kullervo Ahonen var i 28 \u00e5r muddrarpionj\u00e4ren i sk\u00e4rg\u00e5rden med sitt f\u00f6retag Kaivin Ahonen \u2013 men s\u00e5 valde han att g\u00e5 i pension. Sk\u00e4rg\u00e5rdens Brunnsborrning Ab k\u00f6pte f\u00f6retaget och forts\u00e4tter verksamheten under namnet Sk\u00e4rg\u00e5rdens Muddring Ab \u2013 vid sidan av brunnsborrning f\u00f6r vatten och jordv\u00e4rme. Ocks\u00e5 Sk\u00e4rg\u00e5rdens Brunnsborrning \u00e4r en pionj\u00e4r inom [&hellip;]<\/p>\n<a class=\"teaser-button\" href=\"https:\/\/www.saaristonruoppaus.fi\/sv\/foretaget\/\">L\u00e4s mer...<\/a>","protected":false},"author":1,"featured_media":0,"parent":0,"menu_order":5,"comment_status":"closed","ping_status":"open","template":"","meta":{"_genesis_hide_title":false,"_genesis_hide_breadcrumbs":false,"_genesis_hide_singular_image":false,"_genesis_hide_footer_widgets":false,"_genesis_custom_body_class":"","_genesis_custom_post_class":"","_genesis_layout":"","footnotes":""},"class_list":{"0":"post-29","1":"page","2":"type-page","3":"status-publish","5":"entry"},"yoast_head":"<!-- This site is optimized with the Yoast SEO plugin v27.1.1 - https:\/\/yoast.com\/product\/yoast-seo-wordpress\/ -->\n<title>F\u00f6retaget - Sk&auml;rg&aring;rdens Muddring Ab<\/title>\n<meta name=\"robots\" content=\"index, follow, max-snippet:-1, max-image-preview:large, max-video-preview:-1\" \/>\n<link rel=\"canonical\" href=\"https:\/\/www.saaristonruoppaus.fi\/sv\/foretaget\/\" \/>\n<meta property=\"og:locale\" content=\"sv_SE\" \/>\n<meta property=\"og:type\" content=\"article\" \/>\n<meta property=\"og:title\" content=\"F\u00f6retaget - Sk&auml;rg&aring;rdens Muddring Ab\" \/>\n<meta property=\"og:description\" content=\"[vc_row][vc_column width=&#8221;1\/2&#8243;][vc_column_text] F\u00f6retaget Kullervo Ahonen var i 28 \u00e5r muddrarpionj\u00e4ren i sk\u00e4rg\u00e5rden med sitt f\u00f6retag Kaivin Ahonen \u2013 men s\u00e5 valde han att g\u00e5 i pension. Sk\u00e4rg\u00e5rdens Brunnsborrning Ab k\u00f6pte f\u00f6retaget och forts\u00e4tter verksamheten under namnet Sk\u00e4rg\u00e5rdens Muddring Ab \u2013 vid sidan av brunnsborrning f\u00f6r vatten och jordv\u00e4rme. Ocks\u00e5 Sk\u00e4rg\u00e5rdens Brunnsborrning \u00e4r en pionj\u00e4r inom [&hellip;]\" \/>\n<meta property=\"og:url\" content=\"https:\/\/www.saaristonruoppaus.fi\/sv\/foretaget\/\" \/>\n<meta property=\"og:site_name\" content=\"Sk&auml;rg&aring;rdens Muddring Ab\" \/>\n<meta property=\"article:modified_time\" content=\"2017-07-04T16:31:30+00:00\" \/>\n<meta name=\"twitter:label1\" content=\"Ber\u00e4knad l\u00e4stid\" \/>\n\t<meta name=\"twitter:data1\" content=\"2 minuter\" \/>\n<script type=\"application\/ld+json\" class=\"yoast-schema-graph\">{\"@context\":\"https:\/\/schema.org\",\"@graph\":[{\"@type\":\"WebPage\",\"@id\":\"https:\/\/www.saaristonruoppaus.fi\/sv\/foretaget\/\",\"url\":\"https:\/\/www.saaristonruoppaus.fi\/sv\/foretaget\/\",\"name\":\"F\u00f6retaget - Sk&auml;rg&aring;rdens Muddring Ab\",\"isPartOf\":{\"@id\":\"https:\/\/www.saaristonruoppaus.fi\/sv\/#website\"},\"datePublished\":\"2013-11-25T06:53:29+00:00\",\"dateModified\":\"2017-07-04T16:31:30+00:00\",\"inLanguage\":\"sv-SE\",\"potentialAction\":[{\"@type\":\"ReadAction\",\"target\":[\"https:\/\/www.saaristonruoppaus.fi\/sv\/foretaget\/\"]}]},{\"@type\":\"WebSite\",\"@id\":\"https:\/\/www.saaristonruoppaus.fi\/sv\/#website\",\"url\":\"https:\/\/www.saaristonruoppaus.fi\/sv\/\",\"name\":\"Sk&auml;rg&aring;rdens Muddring Ab\",\"description\":\"Nu stugstr\u00e4nderna och b\u00e5tlederna i skick!\",\"potentialAction\":[{\"@type\":\"SearchAction\",\"target\":{\"@type\":\"EntryPoint\",\"urlTemplate\":\"https:\/\/www.saaristonruoppaus.fi\/sv\/?s={search_term_string}\"},\"query-input\":{\"@type\":\"PropertyValueSpecification\",\"valueRequired\":true,\"valueName\":\"search_term_string\"}}],\"inLanguage\":\"sv-SE\"}]}<\/script>\n<!-- \/ Yoast SEO plugin. -->","yoast_head_json":{"title":"F\u00f6retaget - Sk&auml;rg&aring;rdens Muddring Ab","robots":{"index":"index","follow":"follow","max-snippet":"max-snippet:-1","max-image-preview":"max-image-preview:large","max-video-preview":"max-video-preview:-1"},"canonical":"https:\/\/www.saaristonruoppaus.fi\/sv\/foretaget\/","og_locale":"sv_SE","og_type":"article","og_title":"F\u00f6retaget - Sk&auml;rg&aring;rdens Muddring Ab","og_description":"[vc_row][vc_column width=&#8221;1\/2&#8243;][vc_column_text] F\u00f6retaget Kullervo Ahonen var i 28 \u00e5r muddrarpionj\u00e4ren i sk\u00e4rg\u00e5rden med sitt f\u00f6retag Kaivin Ahonen \u2013 men s\u00e5 valde han att g\u00e5 i pension. Sk\u00e4rg\u00e5rdens Brunnsborrning Ab k\u00f6pte f\u00f6retaget och forts\u00e4tter verksamheten under namnet Sk\u00e4rg\u00e5rdens Muddring Ab \u2013 vid sidan av brunnsborrning f\u00f6r vatten och jordv\u00e4rme. Ocks\u00e5 Sk\u00e4rg\u00e5rdens Brunnsborrning \u00e4r en pionj\u00e4r inom [&hellip;]","og_url":"https:\/\/www.saaristonruoppaus.fi\/sv\/foretaget\/","og_site_name":"Sk&auml;rg&aring;rdens Muddring Ab","article_modified_time":"2017-07-04T16:31:30+00:00","twitter_misc":{"Ber\u00e4knad l\u00e4stid":"2 minuter"},"schema":{"@context":"https:\/\/schema.org","@graph":[{"@type":"WebPage","@id":"https:\/\/www.saaristonruoppaus.fi\/sv\/foretaget\/","url":"https:\/\/www.saaristonruoppaus.fi\/sv\/foretaget\/","name":"F\u00f6retaget - Sk&auml;rg&aring;rdens Muddring Ab","isPartOf":{"@id":"https:\/\/www.saaristonruoppaus.fi\/sv\/#website"},"datePublished":"2013-11-25T06:53:29+00:00","dateModified":"2017-07-04T16:31:30+00:00","inLanguage":"sv-SE","potentialAction":[{"@type":"ReadAction","target":["https:\/\/www.saaristonruoppaus.fi\/sv\/foretaget\/"]}]},{"@type":"WebSite","@id":"https:\/\/www.saaristonruoppaus.fi\/sv\/#website","url":"https:\/\/www.saaristonruoppaus.fi\/sv\/","name":"Sk&auml;rg&aring;rdens Muddring Ab","description":"Nu stugstr\u00e4nderna och b\u00e5tlederna i skick!","potentialAction":[{"@type":"SearchAction","target":{"@type":"EntryPoint","urlTemplate":"https:\/\/www.saaristonruoppaus.fi\/sv\/?s={search_term_string}"},"query-input":{"@type":"PropertyValueSpecification","valueRequired":true,"valueName":"search_term_string"}}],"inLanguage":"sv-SE"}]}},"_links":{"self":[{"href":"https:\/\/www.saaristonruoppaus.fi\/sv\/wp-json\/wp\/v2\/pages\/29","targetHints":{"allow":["GET"]}}],"collection":[{"href":"https:\/\/www.saaristonruoppaus.fi\/sv\/wp-json\/wp\/v2\/pages"}],"about":[{"href":"https:\/\/www.saaristonruoppaus.fi\/sv\/wp-json\/wp\/v2\/types\/page"}],"author":[{"embeddable":true,"href":"https:\/\/www.saaristonruoppaus.fi\/sv\/wp-json\/wp\/v2\/users\/1"}],"replies":[{"embeddable":true,"href":"https:\/\/www.saaristonruoppaus.fi\/sv\/wp-json\/wp\/v2\/comments?post=29"}],"version-history":[{"count":0,"href":"https:\/\/www.saaristonruoppaus.fi\/sv\/wp-json\/wp\/v2\/pages\/29\/revisions"}],"wp:attachment":[{"href":"https:\/\/www.saaristonruoppaus.fi\/sv\/wp-json\/wp\/v2\/media?parent=29"}],"curies":[{"name":"wp","href":"https:\/\/api.w.org\/{rel}","templated":true}]}}