{"id":2,"date":"2013-11-14T12:42:16","date_gmt":"2013-11-14T12:42:16","guid":{"rendered":"http:\/\/saaristonruoppaus.fi\/ruoppaus2013\/?page_id=2"},"modified":"2017-09-13T09:10:46","modified_gmt":"2017-09-13T06:10:46","slug":"sample-page","status":"publish","type":"page","link":"https:\/\/www.saaristonruoppaus.fi\/sv\/","title":{"rendered":"Sk\u00e4rg\u00e5rdens Muddring"},"content":{"rendered":"<div class=\"wpb-content-wrapper\"><p>[vc_row][vc_column el_class=&#8221;.home-teaser&#8221;][vc_column_text]<\/p>\n<h1 style=\"text-align: center;\">Muddring i \u00c5bolands sk\u00e4rg\u00e5rd<\/h1>\n<p style=\"text-align: center;\">Vi \u00e4r Sk\u00e4rg\u00e5rdens Muddring Ab. Vi vet hur man s\u00e4tter i skick grunda farleder och dyiga str\u00e4nder. Muddring \u00e4r det enkla s\u00e4ttet att f\u00f6rnya stranden och en bra v\u00e5gbrytare g\u00f6r den \u00f6ppna stugstranden till en perfekt hamnplats. Tillsammans med v\u00e5ra samarbetspartners f\u00e5r vi \u00e4ven, genom spr\u00e4ngning, bort st\u00f6rre hinder under vattenytan. vi monterar b\u00e5de tr\u00e4p\u00e5lar och traditionella brokistor som grund f\u00f6r en stadig brygga. \u00c4ven gamla bryggor kan demonteras och sm\u00e5 gr\u00e4vmaskiner, badtunnor etc, kan transporteras med Kuuppa.<\/p>\n<p style=\"text-align: center;\">Vi finns till hands i varje h\u00f6rn av Pargas och Kimito\u00f6ns sk\u00e4rg\u00e5rd \u2013 fr\u00e5n april till december, beroende p\u00e5 v\u00e4dret!<\/p>\n<p>[\/vc_column_text][\/vc_column][\/vc_row][vc_row][vc_column width=&#8221;1\/3&#8243;][vc_column_text el_class=&#8221;teaser-grid&#8221;]<\/p>\n<h2 style=\"text-align: center;\">Muddring<\/h2>\n<p><a href=\"http:\/\/www.saaristonruoppaus.fi\/sv\/muddring\/\"><img loading=\"lazy\" decoding=\"async\" class=\"aligncenter wp-image-173 size-full\" src=\"http:\/\/www.saaristonruoppaus.fi\/wp-content\/uploads\/2013\/11\/ruoppaus.png\" alt=\"Ruoppaus\" width=\"150\" height=\"150\" \/><\/a><\/p>\n<p style=\"text-align: center;\">B\u00e5t- och strandlivet har \u00f6kat redan i m\u00e5nga \u00e5r, och str\u00e4nderna i sk\u00e4rg\u00e5rden blir allt intressantare.<\/p>\n<p>[\/vc_column_text][\/vc_column][vc_column width=&#8221;1\/3&#8243;][vc_column_text el_class=&#8221;teaser-grid&#8221;]<\/p>\n<h2 style=\"text-align: center;\">Bryggp\u00e5lning<\/h2>\n<p><a href=\"http:\/\/www.saaristonruoppaus.fi\/sv\/bryggpalning\/\"><img loading=\"lazy\" decoding=\"async\" class=\"aligncenter wp-image-174 size-full\" src=\"http:\/\/www.saaristonruoppaus.fi\/wp-content\/uploads\/2013\/11\/paalutus.png\" alt=\"Paalutus\" width=\"150\" height=\"150\" \/><\/a><\/p>\n<p style=\"text-align: center;\">Vi utf\u00f6r bryggp\u00e5lningar med hj\u00e4lp av tr\u00e4p\u00e5lar eller med st\u00e5lr\u00f6r som borras in i berget.<\/p>\n<p>[\/vc_column_text][\/vc_column][vc_column width=&#8221;1\/3&#8243;][vc_column_text el_class=&#8221;teaser-grid&#8221;]<\/p>\n<h2 style=\"text-align: center;\">Transport<\/h2>\n<p><a href=\"http:\/\/www.saaristonruoppaus.fi\/sv\/transport\/\"><img loading=\"lazy\" decoding=\"async\" class=\"aligncenter wp-image-172 size-full\" src=\"http:\/\/www.saaristonruoppaus.fi\/wp-content\/uploads\/2013\/11\/kuljetus.png\" alt=\"Kuljetus\" width=\"150\" height=\"150\" \/><\/a><\/p>\n<p style=\"text-align: center;\">m\/s Kuuppa \u00e4r det perfekta alternativet f\u00f6r transport av sand, spr\u00e4ngsten etc. inom sk\u00e4rg\u00e5rden.<\/p>\n<p>[\/vc_column_text][\/vc_column][\/vc_row][vc_row][vc_column width=&#8221;1\/3&#8243;][vc_column_text][\/vc_column_text][vc_posts_slider type=&#8221;flexslider_slide&#8221; count=&#8221;All&#8221; interval=&#8221;5&#8243; slides_content=&#8221;teaser&#8221; slides_title=&#8221;1&#8243; orderby=&#8221;date&#8221; order=&#8221;ASC&#8221; posttypes=&#8221;portfolio&#8221; title=&#8221;Referenser&#8221;][\/vc_column][vc_column width=&#8221;1\/3&#8243;][vc_widget_sidebar sidebar_id=&#8221;sidebar&#8221;][\/vc_column][vc_column width=&#8221;1\/3&#8243;][vc_widget_sidebar sidebar_id=&#8221;sidebar-alt&#8221;][\/vc_column][\/vc_row]<\/p>\n<\/div>","protected":false},"excerpt":{"rendered":"<p>[vc_row][vc_column el_class=&#8221;.home-teaser&#8221;][vc_column_text] Muddring i \u00c5bolands sk\u00e4rg\u00e5rd Vi \u00e4r Sk\u00e4rg\u00e5rdens Muddring Ab. Vi vet hur man s\u00e4tter i skick grunda farleder och dyiga str\u00e4nder. Muddring \u00e4r det enkla s\u00e4ttet att f\u00f6rnya stranden och en bra v\u00e5gbrytare g\u00f6r den \u00f6ppna stugstranden till en perfekt hamnplats. Tillsammans med v\u00e5ra samarbetspartners f\u00e5r vi \u00e4ven, genom spr\u00e4ngning, bort st\u00f6rre hinder [&hellip;]<\/p>\n<a class=\"teaser-button\" href=\"https:\/\/www.saaristonruoppaus.fi\/sv\/\">L\u00e4s mer...<\/a>","protected":false},"author":1,"featured_media":0,"parent":0,"menu_order":0,"comment_status":"closed","ping_status":"open","template":"","meta":{"_genesis_hide_title":false,"_genesis_hide_breadcrumbs":false,"_genesis_hide_singular_image":false,"_genesis_hide_footer_widgets":false,"_genesis_custom_body_class":"","_genesis_custom_post_class":"","_genesis_layout":"","footnotes":""},"class_list":{"0":"post-2","1":"page","2":"type-page","3":"status-publish","5":"entry"},"yoast_head":"<!-- This site is optimized with the Yoast SEO plugin v27.4 - https:\/\/yoast.com\/product\/yoast-seo-wordpress\/ -->\n<title>Sk\u00e4rg\u00e5rdens Muddring Ab - Muddring, bryggp\u00e5lning och sj\u00f6transporter<\/title>\n<meta name=\"description\" content=\"Sk\u00e4rg\u00e5rdens Muddring Ab verkar i hela \u00c5bolands sk\u00e4rg\u00e5rd. Vi utf\u00f6r ocks\u00e5 bryggp\u00e5lning med tr\u00e4p\u00e5lar och st\u00e5lr\u00f6r. Kolla \u00e4ven in v\u00e5ra sj\u00f6transport -tj\u00e4nster!\" \/>\n<meta name=\"robots\" content=\"index, follow, max-snippet:-1, max-image-preview:large, max-video-preview:-1\" \/>\n<link rel=\"canonical\" href=\"https:\/\/www.saaristonruoppaus.fi\/sv\/\" \/>\n<meta property=\"og:locale\" content=\"sv_SE\" \/>\n<meta property=\"og:type\" content=\"article\" \/>\n<meta property=\"og:title\" content=\"Sk\u00e4rg\u00e5rdens Muddring Ab - Muddring, bryggp\u00e5lning och sj\u00f6transporter\" \/>\n<meta property=\"og:description\" content=\"Sk\u00e4rg\u00e5rdens Muddring Ab verkar i hela \u00c5bolands sk\u00e4rg\u00e5rd. Vi utf\u00f6r ocks\u00e5 bryggp\u00e5lning med tr\u00e4p\u00e5lar och st\u00e5lr\u00f6r. Kolla \u00e4ven in v\u00e5ra sj\u00f6transport -tj\u00e4nster!\" \/>\n<meta property=\"og:url\" content=\"https:\/\/www.saaristonruoppaus.fi\/sv\/\" \/>\n<meta property=\"og:site_name\" content=\"Sk&auml;rg&aring;rdens Muddring Ab\" \/>\n<meta property=\"article:modified_time\" content=\"2017-09-13T06:10:46+00:00\" \/>\n<meta property=\"og:image\" content=\"http:\/\/www.saaristonruoppaus.fi\/wp-content\/uploads\/2013\/11\/ruoppaus.png\" \/>\n<meta name=\"twitter:label1\" content=\"Ber\u00e4knad l\u00e4stid\" \/>\n\t<meta name=\"twitter:data1\" content=\"2 minuter\" \/>\n<script type=\"application\/ld+json\" class=\"yoast-schema-graph\">{\"@context\":\"https:\\\/\\\/schema.org\",\"@graph\":[{\"@type\":\"WebPage\",\"@id\":\"https:\\\/\\\/www.saaristonruoppaus.fi\\\/sv\\\/\",\"url\":\"https:\\\/\\\/www.saaristonruoppaus.fi\\\/sv\\\/\",\"name\":\"Sk\u00e4rg\u00e5rdens Muddring Ab - Muddring, bryggp\u00e5lning och sj\u00f6transporter\",\"isPartOf\":{\"@id\":\"https:\\\/\\\/www.saaristonruoppaus.fi\\\/sv\\\/#website\"},\"primaryImageOfPage\":{\"@id\":\"https:\\\/\\\/www.saaristonruoppaus.fi\\\/sv\\\/#primaryimage\"},\"image\":{\"@id\":\"https:\\\/\\\/www.saaristonruoppaus.fi\\\/sv\\\/#primaryimage\"},\"thumbnailUrl\":\"http:\\\/\\\/www.saaristonruoppaus.fi\\\/wp-content\\\/uploads\\\/2013\\\/11\\\/ruoppaus.png\",\"datePublished\":\"2013-11-14T12:42:16+00:00\",\"dateModified\":\"2017-09-13T06:10:46+00:00\",\"description\":\"Sk\u00e4rg\u00e5rdens Muddring Ab verkar i hela \u00c5bolands sk\u00e4rg\u00e5rd. Vi utf\u00f6r ocks\u00e5 bryggp\u00e5lning med tr\u00e4p\u00e5lar och st\u00e5lr\u00f6r. Kolla \u00e4ven in v\u00e5ra sj\u00f6transport -tj\u00e4nster!\",\"inLanguage\":\"sv-SE\",\"potentialAction\":[{\"@type\":\"ReadAction\",\"target\":[\"https:\\\/\\\/www.saaristonruoppaus.fi\\\/sv\\\/\"]}]},{\"@type\":\"ImageObject\",\"inLanguage\":\"sv-SE\",\"@id\":\"https:\\\/\\\/www.saaristonruoppaus.fi\\\/sv\\\/#primaryimage\",\"url\":\"http:\\\/\\\/www.saaristonruoppaus.fi\\\/wp-content\\\/uploads\\\/2013\\\/11\\\/ruoppaus.png\",\"contentUrl\":\"http:\\\/\\\/www.saaristonruoppaus.fi\\\/wp-content\\\/uploads\\\/2013\\\/11\\\/ruoppaus.png\"},{\"@type\":\"WebSite\",\"@id\":\"https:\\\/\\\/www.saaristonruoppaus.fi\\\/sv\\\/#website\",\"url\":\"https:\\\/\\\/www.saaristonruoppaus.fi\\\/sv\\\/\",\"name\":\"Sk&auml;rg&aring;rdens Muddring Ab\",\"description\":\"Nu stugstr\u00e4nderna och b\u00e5tlederna i skick!\",\"potentialAction\":[{\"@type\":\"SearchAction\",\"target\":{\"@type\":\"EntryPoint\",\"urlTemplate\":\"https:\\\/\\\/www.saaristonruoppaus.fi\\\/sv\\\/?s={search_term_string}\"},\"query-input\":{\"@type\":\"PropertyValueSpecification\",\"valueRequired\":true,\"valueName\":\"search_term_string\"}}],\"inLanguage\":\"sv-SE\"}]}<\/script>\n<!-- \/ Yoast SEO plugin. -->","yoast_head_json":{"title":"Sk\u00e4rg\u00e5rdens Muddring Ab - Muddring, bryggp\u00e5lning och sj\u00f6transporter","description":"Sk\u00e4rg\u00e5rdens Muddring Ab verkar i hela \u00c5bolands sk\u00e4rg\u00e5rd. Vi utf\u00f6r ocks\u00e5 bryggp\u00e5lning med tr\u00e4p\u00e5lar och st\u00e5lr\u00f6r. Kolla \u00e4ven in v\u00e5ra sj\u00f6transport -tj\u00e4nster!","robots":{"index":"index","follow":"follow","max-snippet":"max-snippet:-1","max-image-preview":"max-image-preview:large","max-video-preview":"max-video-preview:-1"},"canonical":"https:\/\/www.saaristonruoppaus.fi\/sv\/","og_locale":"sv_SE","og_type":"article","og_title":"Sk\u00e4rg\u00e5rdens Muddring Ab - Muddring, bryggp\u00e5lning och sj\u00f6transporter","og_description":"Sk\u00e4rg\u00e5rdens Muddring Ab verkar i hela \u00c5bolands sk\u00e4rg\u00e5rd. Vi utf\u00f6r ocks\u00e5 bryggp\u00e5lning med tr\u00e4p\u00e5lar och st\u00e5lr\u00f6r. Kolla \u00e4ven in v\u00e5ra sj\u00f6transport -tj\u00e4nster!","og_url":"https:\/\/www.saaristonruoppaus.fi\/sv\/","og_site_name":"Sk&auml;rg&aring;rdens Muddring Ab","article_modified_time":"2017-09-13T06:10:46+00:00","og_image":[{"url":"http:\/\/www.saaristonruoppaus.fi\/wp-content\/uploads\/2013\/11\/ruoppaus.png","type":"","width":"","height":""}],"twitter_misc":{"Ber\u00e4knad l\u00e4stid":"2 minuter"},"schema":{"@context":"https:\/\/schema.org","@graph":[{"@type":"WebPage","@id":"https:\/\/www.saaristonruoppaus.fi\/sv\/","url":"https:\/\/www.saaristonruoppaus.fi\/sv\/","name":"Sk\u00e4rg\u00e5rdens Muddring Ab - Muddring, bryggp\u00e5lning och sj\u00f6transporter","isPartOf":{"@id":"https:\/\/www.saaristonruoppaus.fi\/sv\/#website"},"primaryImageOfPage":{"@id":"https:\/\/www.saaristonruoppaus.fi\/sv\/#primaryimage"},"image":{"@id":"https:\/\/www.saaristonruoppaus.fi\/sv\/#primaryimage"},"thumbnailUrl":"http:\/\/www.saaristonruoppaus.fi\/wp-content\/uploads\/2013\/11\/ruoppaus.png","datePublished":"2013-11-14T12:42:16+00:00","dateModified":"2017-09-13T06:10:46+00:00","description":"Sk\u00e4rg\u00e5rdens Muddring Ab verkar i hela \u00c5bolands sk\u00e4rg\u00e5rd. Vi utf\u00f6r ocks\u00e5 bryggp\u00e5lning med tr\u00e4p\u00e5lar och st\u00e5lr\u00f6r. Kolla \u00e4ven in v\u00e5ra sj\u00f6transport -tj\u00e4nster!","inLanguage":"sv-SE","potentialAction":[{"@type":"ReadAction","target":["https:\/\/www.saaristonruoppaus.fi\/sv\/"]}]},{"@type":"ImageObject","inLanguage":"sv-SE","@id":"https:\/\/www.saaristonruoppaus.fi\/sv\/#primaryimage","url":"http:\/\/www.saaristonruoppaus.fi\/wp-content\/uploads\/2013\/11\/ruoppaus.png","contentUrl":"http:\/\/www.saaristonruoppaus.fi\/wp-content\/uploads\/2013\/11\/ruoppaus.png"},{"@type":"WebSite","@id":"https:\/\/www.saaristonruoppaus.fi\/sv\/#website","url":"https:\/\/www.saaristonruoppaus.fi\/sv\/","name":"Sk&auml;rg&aring;rdens Muddring Ab","description":"Nu stugstr\u00e4nderna och b\u00e5tlederna i skick!","potentialAction":[{"@type":"SearchAction","target":{"@type":"EntryPoint","urlTemplate":"https:\/\/www.saaristonruoppaus.fi\/sv\/?s={search_term_string}"},"query-input":{"@type":"PropertyValueSpecification","valueRequired":true,"valueName":"search_term_string"}}],"inLanguage":"sv-SE"}]}},"_links":{"self":[{"href":"https:\/\/www.saaristonruoppaus.fi\/sv\/wp-json\/wp\/v2\/pages\/2","targetHints":{"allow":["GET"]}}],"collection":[{"href":"https:\/\/www.saaristonruoppaus.fi\/sv\/wp-json\/wp\/v2\/pages"}],"about":[{"href":"https:\/\/www.saaristonruoppaus.fi\/sv\/wp-json\/wp\/v2\/types\/page"}],"author":[{"embeddable":true,"href":"https:\/\/www.saaristonruoppaus.fi\/sv\/wp-json\/wp\/v2\/users\/1"}],"replies":[{"embeddable":true,"href":"https:\/\/www.saaristonruoppaus.fi\/sv\/wp-json\/wp\/v2\/comments?post=2"}],"version-history":[{"count":0,"href":"https:\/\/www.saaristonruoppaus.fi\/sv\/wp-json\/wp\/v2\/pages\/2\/revisions"}],"wp:attachment":[{"href":"https:\/\/www.saaristonruoppaus.fi\/sv\/wp-json\/wp\/v2\/media?parent=2"}],"curies":[{"name":"wp","href":"https:\/\/api.w.org\/{rel}","templated":true}]}}