{"id":18,"date":"2013-11-14T13:36:07","date_gmt":"2013-11-14T13:36:07","guid":{"rendered":"http:\/\/saaristonruoppaus.fi\/ruoppaus2013\/?page_id=18"},"modified":"2017-09-07T11:18:06","modified_gmt":"2017-09-07T08:18:06","slug":"transport","status":"publish","type":"page","link":"https:\/\/www.saaristonruoppaus.fi\/sv\/transport\/","title":{"rendered":"Transport"},"content":{"rendered":"<div class=\"wpb-content-wrapper\"><p>[vc_row][vc_column width=&#8221;1\/2&#8243;][vc_column_text]<\/p>\n<h1>Transport<\/h1>\n<div>\n<p>m\/s Kuuppa \u00e4r det perfekta alternativet f\u00f6r transport av sand, spr\u00e4ngsten etc. inom sk\u00e4rg\u00e5rden. Hennes lastrum rymmer 50 m3 och hennes b\u00e4righet \u00e4r hela 75 ton. Lasten kan vid behov t\u00f6mmas genom lastrummets bottenluckor.<\/p>\n<p>Vi transporterar och monterar \u00e4ven brokistor och bojar.<\/p>\n<p>S\u00e4songen b\u00f6rjar oftast i april och slutar i december, beroende p\u00e5 isl\u00e4get.<\/p>\n<\/div>\n<p>[\/vc_column_text][vc_cta_button call_text=&#8221;Blev du intresserad?&#8221; title=&#8221;Beg\u00e4r offert!&#8221; color=&#8221;btn-success&#8221; icon=&#8221;wpb_mail&#8221; size=&#8221;btn-large&#8221; position=&#8221;cta_align_bottom&#8221; href=&#8221;begar-offert&#8221;][\/vc_column][vc_column width=&#8221;1\/2&#8243;][vc_gallery type=&#8221;flexslider_slide&#8221; interval=&#8221;3&#8243; images=&#8221;145,293,296,299,302,305,308,311,314&#8243; img_size=&#8221;large&#8221;][\/vc_column][\/vc_row]<\/p>\n<\/div>","protected":false},"excerpt":{"rendered":"<p>m\/s Kuuppa \u00e4r det perfekta alternativet f\u00f6r transport av sand, spr\u00e4ngsten etc. inom sk\u00e4rg\u00e5rden.<\/p>\n<a class=\"teaser-button\" href=\"https:\/\/www.saaristonruoppaus.fi\/sv\/transport\/\">L\u00e4s mer...<\/a>","protected":false},"author":1,"featured_media":107,"parent":0,"menu_order":3,"comment_status":"closed","ping_status":"open","template":"","meta":{"_genesis_hide_title":false,"_genesis_hide_breadcrumbs":false,"_genesis_hide_singular_image":false,"_genesis_hide_footer_widgets":false,"_genesis_custom_body_class":"","_genesis_custom_post_class":"","_genesis_layout":"","footnotes":""},"class_list":{"0":"post-18","1":"page","2":"type-page","3":"status-publish","4":"has-post-thumbnail","6":"entry"},"yoast_head":"<!-- This site is optimized with the Yoast SEO plugin v27.1.1 - https:\/\/yoast.com\/product\/yoast-seo-wordpress\/ -->\n<title>Transport - Sk&auml;rg&aring;rdens Muddring Ab<\/title>\n<meta name=\"robots\" content=\"index, follow, max-snippet:-1, max-image-preview:large, max-video-preview:-1\" \/>\n<link rel=\"canonical\" href=\"https:\/\/www.saaristonruoppaus.fi\/sv\/transport\/\" \/>\n<meta property=\"og:locale\" content=\"sv_SE\" \/>\n<meta property=\"og:type\" content=\"article\" \/>\n<meta property=\"og:title\" content=\"Transport - Sk&auml;rg&aring;rdens Muddring Ab\" \/>\n<meta property=\"og:description\" content=\"m\/s Kuuppa \u00e4r det perfekta alternativet f\u00f6r transport av sand, spr\u00e4ngsten etc. inom sk\u00e4rg\u00e5rden.\" \/>\n<meta property=\"og:url\" content=\"https:\/\/www.saaristonruoppaus.fi\/sv\/transport\/\" \/>\n<meta property=\"og:site_name\" content=\"Sk&auml;rg&aring;rdens Muddring Ab\" \/>\n<meta property=\"article:modified_time\" content=\"2017-09-07T08:18:06+00:00\" \/>\n<meta property=\"og:image\" content=\"https:\/\/www.saaristonruoppaus.fi\/wp-content\/uploads\/2013\/11\/kuljetus.png\" \/>\n\t<meta property=\"og:image:width\" content=\"150\" \/>\n\t<meta property=\"og:image:height\" content=\"150\" \/>\n\t<meta property=\"og:image:type\" content=\"image\/png\" \/>\n<meta name=\"twitter:label1\" content=\"Ber\u00e4knad l\u00e4stid\" \/>\n\t<meta name=\"twitter:data1\" content=\"1 minut\" \/>\n<script type=\"application\/ld+json\" class=\"yoast-schema-graph\">{\"@context\":\"https:\/\/schema.org\",\"@graph\":[{\"@type\":\"WebPage\",\"@id\":\"https:\/\/www.saaristonruoppaus.fi\/sv\/transport\/\",\"url\":\"https:\/\/www.saaristonruoppaus.fi\/sv\/transport\/\",\"name\":\"Transport - Sk&auml;rg&aring;rdens Muddring Ab\",\"isPartOf\":{\"@id\":\"https:\/\/www.saaristonruoppaus.fi\/sv\/#website\"},\"primaryImageOfPage\":{\"@id\":\"https:\/\/www.saaristonruoppaus.fi\/sv\/transport\/#primaryimage\"},\"image\":{\"@id\":\"https:\/\/www.saaristonruoppaus.fi\/sv\/transport\/#primaryimage\"},\"thumbnailUrl\":\"https:\/\/www.saaristonruoppaus.fi\/wp-content\/uploads\/2013\/11\/kuljetus.png\",\"datePublished\":\"2013-11-14T13:36:07+00:00\",\"dateModified\":\"2017-09-07T08:18:06+00:00\",\"inLanguage\":\"sv-SE\",\"potentialAction\":[{\"@type\":\"ReadAction\",\"target\":[\"https:\/\/www.saaristonruoppaus.fi\/sv\/transport\/\"]}]},{\"@type\":\"ImageObject\",\"inLanguage\":\"sv-SE\",\"@id\":\"https:\/\/www.saaristonruoppaus.fi\/sv\/transport\/#primaryimage\",\"url\":\"https:\/\/www.saaristonruoppaus.fi\/wp-content\/uploads\/2013\/11\/kuljetus.png\",\"contentUrl\":\"https:\/\/www.saaristonruoppaus.fi\/wp-content\/uploads\/2013\/11\/kuljetus.png\",\"width\":150,\"height\":150,\"caption\":\"Transport\"},{\"@type\":\"WebSite\",\"@id\":\"https:\/\/www.saaristonruoppaus.fi\/sv\/#website\",\"url\":\"https:\/\/www.saaristonruoppaus.fi\/sv\/\",\"name\":\"Sk&auml;rg&aring;rdens Muddring Ab\",\"description\":\"Nu stugstr\u00e4nderna och b\u00e5tlederna i skick!\",\"potentialAction\":[{\"@type\":\"SearchAction\",\"target\":{\"@type\":\"EntryPoint\",\"urlTemplate\":\"https:\/\/www.saaristonruoppaus.fi\/sv\/?s={search_term_string}\"},\"query-input\":{\"@type\":\"PropertyValueSpecification\",\"valueRequired\":true,\"valueName\":\"search_term_string\"}}],\"inLanguage\":\"sv-SE\"}]}<\/script>\n<!-- \/ Yoast SEO plugin. -->","yoast_head_json":{"title":"Transport - Sk&auml;rg&aring;rdens Muddring Ab","robots":{"index":"index","follow":"follow","max-snippet":"max-snippet:-1","max-image-preview":"max-image-preview:large","max-video-preview":"max-video-preview:-1"},"canonical":"https:\/\/www.saaristonruoppaus.fi\/sv\/transport\/","og_locale":"sv_SE","og_type":"article","og_title":"Transport - Sk&auml;rg&aring;rdens Muddring Ab","og_description":"m\/s Kuuppa \u00e4r det perfekta alternativet f\u00f6r transport av sand, spr\u00e4ngsten etc. inom sk\u00e4rg\u00e5rden.","og_url":"https:\/\/www.saaristonruoppaus.fi\/sv\/transport\/","og_site_name":"Sk&auml;rg&aring;rdens Muddring Ab","article_modified_time":"2017-09-07T08:18:06+00:00","og_image":[{"width":150,"height":150,"url":"https:\/\/www.saaristonruoppaus.fi\/wp-content\/uploads\/2013\/11\/kuljetus.png","type":"image\/png"}],"twitter_misc":{"Ber\u00e4knad l\u00e4stid":"1 minut"},"schema":{"@context":"https:\/\/schema.org","@graph":[{"@type":"WebPage","@id":"https:\/\/www.saaristonruoppaus.fi\/sv\/transport\/","url":"https:\/\/www.saaristonruoppaus.fi\/sv\/transport\/","name":"Transport - Sk&auml;rg&aring;rdens Muddring Ab","isPartOf":{"@id":"https:\/\/www.saaristonruoppaus.fi\/sv\/#website"},"primaryImageOfPage":{"@id":"https:\/\/www.saaristonruoppaus.fi\/sv\/transport\/#primaryimage"},"image":{"@id":"https:\/\/www.saaristonruoppaus.fi\/sv\/transport\/#primaryimage"},"thumbnailUrl":"https:\/\/www.saaristonruoppaus.fi\/wp-content\/uploads\/2013\/11\/kuljetus.png","datePublished":"2013-11-14T13:36:07+00:00","dateModified":"2017-09-07T08:18:06+00:00","inLanguage":"sv-SE","potentialAction":[{"@type":"ReadAction","target":["https:\/\/www.saaristonruoppaus.fi\/sv\/transport\/"]}]},{"@type":"ImageObject","inLanguage":"sv-SE","@id":"https:\/\/www.saaristonruoppaus.fi\/sv\/transport\/#primaryimage","url":"https:\/\/www.saaristonruoppaus.fi\/wp-content\/uploads\/2013\/11\/kuljetus.png","contentUrl":"https:\/\/www.saaristonruoppaus.fi\/wp-content\/uploads\/2013\/11\/kuljetus.png","width":150,"height":150,"caption":"Transport"},{"@type":"WebSite","@id":"https:\/\/www.saaristonruoppaus.fi\/sv\/#website","url":"https:\/\/www.saaristonruoppaus.fi\/sv\/","name":"Sk&auml;rg&aring;rdens Muddring Ab","description":"Nu stugstr\u00e4nderna och b\u00e5tlederna i skick!","potentialAction":[{"@type":"SearchAction","target":{"@type":"EntryPoint","urlTemplate":"https:\/\/www.saaristonruoppaus.fi\/sv\/?s={search_term_string}"},"query-input":{"@type":"PropertyValueSpecification","valueRequired":true,"valueName":"search_term_string"}}],"inLanguage":"sv-SE"}]}},"_links":{"self":[{"href":"https:\/\/www.saaristonruoppaus.fi\/sv\/wp-json\/wp\/v2\/pages\/18","targetHints":{"allow":["GET"]}}],"collection":[{"href":"https:\/\/www.saaristonruoppaus.fi\/sv\/wp-json\/wp\/v2\/pages"}],"about":[{"href":"https:\/\/www.saaristonruoppaus.fi\/sv\/wp-json\/wp\/v2\/types\/page"}],"author":[{"embeddable":true,"href":"https:\/\/www.saaristonruoppaus.fi\/sv\/wp-json\/wp\/v2\/users\/1"}],"replies":[{"embeddable":true,"href":"https:\/\/www.saaristonruoppaus.fi\/sv\/wp-json\/wp\/v2\/comments?post=18"}],"version-history":[{"count":0,"href":"https:\/\/www.saaristonruoppaus.fi\/sv\/wp-json\/wp\/v2\/pages\/18\/revisions"}],"wp:featuredmedia":[{"embeddable":true,"href":"https:\/\/www.saaristonruoppaus.fi\/sv\/wp-json\/wp\/v2\/media\/107"}],"wp:attachment":[{"href":"https:\/\/www.saaristonruoppaus.fi\/sv\/wp-json\/wp\/v2\/media?parent=18"}],"curies":[{"name":"wp","href":"https:\/\/api.w.org\/{rel}","templated":true}]}}