{"id":16,"date":"2013-11-14T13:35:23","date_gmt":"2013-11-14T13:35:23","guid":{"rendered":"http:\/\/saaristonruoppaus.fi\/ruoppaus2013\/?page_id=16"},"modified":"2017-09-07T11:10:51","modified_gmt":"2017-09-07T08:10:51","slug":"bryggpalning","status":"publish","type":"page","link":"https:\/\/www.saaristonruoppaus.fi\/sv\/bryggpalning\/","title":{"rendered":"Bryggp\u00e5lning"},"content":{"rendered":"<div class=\"wpb-content-wrapper\"><p>[vc_row][vc_column width=&#8221;1\/2&#8243;][vc_column_text]<\/p>\n<h1>Bryggp\u00e5lning<\/h1>\n<div>\n<p>Bryggp\u00e5lning med tr\u00e4p\u00e5lar eller st\u00e5lr\u00f6r.<\/p>\n<p>Vi p\u00e5lar med tr\u00e4p\u00e5lar eller med st\u00e5lr\u00f6r som borras in i berget. P\u00e5lborrningen sk\u00f6ts av\u00a0<a href=\"http:\/\/www.kaivonporaus.com\/\">Sk\u00e4rg\u00e5rdens Brunnsborrning Ab<\/a>.<\/p>\n<p>S\u00e4songen b\u00f6rjar i april och slutar i december\u00a0beroende p\u00e5 isl\u00e4get.<\/p>\n<\/div>\n<p>[\/vc_column_text][vc_cta_button call_text=&#8221;Blev du intresserad?&#8221; title=&#8221;Beg\u00e4r offert!&#8221; color=&#8221;btn-success&#8221; icon=&#8221;wpb_mail&#8221; size=&#8221;btn-large&#8221; position=&#8221;cta_align_bottom&#8221; href=&#8221;begar-offert&#8221;][\/vc_column][vc_column width=&#8221;1\/2&#8243;][vc_gallery type=&#8221;flexslider_slide&#8221; interval=&#8221;3&#8243; images=&#8221;330,327,345,342,339,333,350,336&#8243; img_size=&#8221;large&#8221;][\/vc_column][\/vc_row]<\/p>\n<\/div>","protected":false},"excerpt":{"rendered":"<p>Vi utf\u00f6r bryggp\u00e5lningar med hj\u00e4lp av tr\u00e4p\u00e5lar eller med st\u00e5lr\u00f6r som borras in i berget.<\/p>\n<a class=\"teaser-button\" href=\"https:\/\/www.saaristonruoppaus.fi\/sv\/bryggpalning\/\">L\u00e4s mer...<\/a>","protected":false},"author":1,"featured_media":109,"parent":0,"menu_order":2,"comment_status":"closed","ping_status":"open","template":"","meta":{"_genesis_hide_title":false,"_genesis_hide_breadcrumbs":false,"_genesis_hide_singular_image":false,"_genesis_hide_footer_widgets":false,"_genesis_custom_body_class":"","_genesis_custom_post_class":"","_genesis_layout":"","footnotes":""},"class_list":{"0":"post-16","1":"page","2":"type-page","3":"status-publish","4":"has-post-thumbnail","6":"entry"},"yoast_head":"<!-- This site is optimized with the Yoast SEO plugin v27.1.1 - https:\/\/yoast.com\/product\/yoast-seo-wordpress\/ -->\n<title>Bryggp\u00e5lning - Sk&auml;rg&aring;rdens Muddring Ab<\/title>\n<meta name=\"robots\" content=\"index, follow, max-snippet:-1, max-image-preview:large, max-video-preview:-1\" \/>\n<link rel=\"canonical\" href=\"https:\/\/www.saaristonruoppaus.fi\/sv\/bryggpalning\/\" \/>\n<meta property=\"og:locale\" content=\"sv_SE\" \/>\n<meta property=\"og:type\" content=\"article\" \/>\n<meta property=\"og:title\" content=\"Bryggp\u00e5lning - Sk&auml;rg&aring;rdens Muddring Ab\" \/>\n<meta property=\"og:description\" content=\"Vi utf\u00f6r bryggp\u00e5lningar med hj\u00e4lp av tr\u00e4p\u00e5lar eller med st\u00e5lr\u00f6r som borras in i berget.\" \/>\n<meta property=\"og:url\" content=\"https:\/\/www.saaristonruoppaus.fi\/sv\/bryggpalning\/\" \/>\n<meta property=\"og:site_name\" content=\"Sk&auml;rg&aring;rdens Muddring Ab\" \/>\n<meta property=\"article:modified_time\" content=\"2017-09-07T08:10:51+00:00\" \/>\n<meta property=\"og:image\" content=\"https:\/\/www.saaristonruoppaus.fi\/wp-content\/uploads\/2013\/11\/paalutus.png\" \/>\n\t<meta property=\"og:image:width\" content=\"150\" \/>\n\t<meta property=\"og:image:height\" content=\"150\" \/>\n\t<meta property=\"og:image:type\" content=\"image\/png\" \/>\n<meta name=\"twitter:label1\" content=\"Ber\u00e4knad l\u00e4stid\" \/>\n\t<meta name=\"twitter:data1\" content=\"1 minut\" \/>\n<script type=\"application\/ld+json\" class=\"yoast-schema-graph\">{\"@context\":\"https:\/\/schema.org\",\"@graph\":[{\"@type\":\"WebPage\",\"@id\":\"https:\/\/www.saaristonruoppaus.fi\/sv\/bryggpalning\/\",\"url\":\"https:\/\/www.saaristonruoppaus.fi\/sv\/bryggpalning\/\",\"name\":\"Bryggp\u00e5lning - Sk&auml;rg&aring;rdens Muddring Ab\",\"isPartOf\":{\"@id\":\"https:\/\/www.saaristonruoppaus.fi\/sv\/#website\"},\"primaryImageOfPage\":{\"@id\":\"https:\/\/www.saaristonruoppaus.fi\/sv\/bryggpalning\/#primaryimage\"},\"image\":{\"@id\":\"https:\/\/www.saaristonruoppaus.fi\/sv\/bryggpalning\/#primaryimage\"},\"thumbnailUrl\":\"https:\/\/www.saaristonruoppaus.fi\/wp-content\/uploads\/2013\/11\/paalutus.png\",\"datePublished\":\"2013-11-14T13:35:23+00:00\",\"dateModified\":\"2017-09-07T08:10:51+00:00\",\"inLanguage\":\"sv-SE\",\"potentialAction\":[{\"@type\":\"ReadAction\",\"target\":[\"https:\/\/www.saaristonruoppaus.fi\/sv\/bryggpalning\/\"]}]},{\"@type\":\"ImageObject\",\"inLanguage\":\"sv-SE\",\"@id\":\"https:\/\/www.saaristonruoppaus.fi\/sv\/bryggpalning\/#primaryimage\",\"url\":\"https:\/\/www.saaristonruoppaus.fi\/wp-content\/uploads\/2013\/11\/paalutus.png\",\"contentUrl\":\"https:\/\/www.saaristonruoppaus.fi\/wp-content\/uploads\/2013\/11\/paalutus.png\",\"width\":150,\"height\":150,\"caption\":\"Bryggp\u00e5lning\"},{\"@type\":\"WebSite\",\"@id\":\"https:\/\/www.saaristonruoppaus.fi\/sv\/#website\",\"url\":\"https:\/\/www.saaristonruoppaus.fi\/sv\/\",\"name\":\"Sk&auml;rg&aring;rdens Muddring Ab\",\"description\":\"Nu stugstr\u00e4nderna och b\u00e5tlederna i skick!\",\"potentialAction\":[{\"@type\":\"SearchAction\",\"target\":{\"@type\":\"EntryPoint\",\"urlTemplate\":\"https:\/\/www.saaristonruoppaus.fi\/sv\/?s={search_term_string}\"},\"query-input\":{\"@type\":\"PropertyValueSpecification\",\"valueRequired\":true,\"valueName\":\"search_term_string\"}}],\"inLanguage\":\"sv-SE\"}]}<\/script>\n<!-- \/ Yoast SEO plugin. -->","yoast_head_json":{"title":"Bryggp\u00e5lning - Sk&auml;rg&aring;rdens Muddring Ab","robots":{"index":"index","follow":"follow","max-snippet":"max-snippet:-1","max-image-preview":"max-image-preview:large","max-video-preview":"max-video-preview:-1"},"canonical":"https:\/\/www.saaristonruoppaus.fi\/sv\/bryggpalning\/","og_locale":"sv_SE","og_type":"article","og_title":"Bryggp\u00e5lning - Sk&auml;rg&aring;rdens Muddring Ab","og_description":"Vi utf\u00f6r bryggp\u00e5lningar med hj\u00e4lp av tr\u00e4p\u00e5lar eller med st\u00e5lr\u00f6r som borras in i berget.","og_url":"https:\/\/www.saaristonruoppaus.fi\/sv\/bryggpalning\/","og_site_name":"Sk&auml;rg&aring;rdens Muddring Ab","article_modified_time":"2017-09-07T08:10:51+00:00","og_image":[{"width":150,"height":150,"url":"https:\/\/www.saaristonruoppaus.fi\/wp-content\/uploads\/2013\/11\/paalutus.png","type":"image\/png"}],"twitter_misc":{"Ber\u00e4knad l\u00e4stid":"1 minut"},"schema":{"@context":"https:\/\/schema.org","@graph":[{"@type":"WebPage","@id":"https:\/\/www.saaristonruoppaus.fi\/sv\/bryggpalning\/","url":"https:\/\/www.saaristonruoppaus.fi\/sv\/bryggpalning\/","name":"Bryggp\u00e5lning - Sk&auml;rg&aring;rdens Muddring Ab","isPartOf":{"@id":"https:\/\/www.saaristonruoppaus.fi\/sv\/#website"},"primaryImageOfPage":{"@id":"https:\/\/www.saaristonruoppaus.fi\/sv\/bryggpalning\/#primaryimage"},"image":{"@id":"https:\/\/www.saaristonruoppaus.fi\/sv\/bryggpalning\/#primaryimage"},"thumbnailUrl":"https:\/\/www.saaristonruoppaus.fi\/wp-content\/uploads\/2013\/11\/paalutus.png","datePublished":"2013-11-14T13:35:23+00:00","dateModified":"2017-09-07T08:10:51+00:00","inLanguage":"sv-SE","potentialAction":[{"@type":"ReadAction","target":["https:\/\/www.saaristonruoppaus.fi\/sv\/bryggpalning\/"]}]},{"@type":"ImageObject","inLanguage":"sv-SE","@id":"https:\/\/www.saaristonruoppaus.fi\/sv\/bryggpalning\/#primaryimage","url":"https:\/\/www.saaristonruoppaus.fi\/wp-content\/uploads\/2013\/11\/paalutus.png","contentUrl":"https:\/\/www.saaristonruoppaus.fi\/wp-content\/uploads\/2013\/11\/paalutus.png","width":150,"height":150,"caption":"Bryggp\u00e5lning"},{"@type":"WebSite","@id":"https:\/\/www.saaristonruoppaus.fi\/sv\/#website","url":"https:\/\/www.saaristonruoppaus.fi\/sv\/","name":"Sk&auml;rg&aring;rdens Muddring Ab","description":"Nu stugstr\u00e4nderna och b\u00e5tlederna i skick!","potentialAction":[{"@type":"SearchAction","target":{"@type":"EntryPoint","urlTemplate":"https:\/\/www.saaristonruoppaus.fi\/sv\/?s={search_term_string}"},"query-input":{"@type":"PropertyValueSpecification","valueRequired":true,"valueName":"search_term_string"}}],"inLanguage":"sv-SE"}]}},"_links":{"self":[{"href":"https:\/\/www.saaristonruoppaus.fi\/sv\/wp-json\/wp\/v2\/pages\/16","targetHints":{"allow":["GET"]}}],"collection":[{"href":"https:\/\/www.saaristonruoppaus.fi\/sv\/wp-json\/wp\/v2\/pages"}],"about":[{"href":"https:\/\/www.saaristonruoppaus.fi\/sv\/wp-json\/wp\/v2\/types\/page"}],"author":[{"embeddable":true,"href":"https:\/\/www.saaristonruoppaus.fi\/sv\/wp-json\/wp\/v2\/users\/1"}],"replies":[{"embeddable":true,"href":"https:\/\/www.saaristonruoppaus.fi\/sv\/wp-json\/wp\/v2\/comments?post=16"}],"version-history":[{"count":0,"href":"https:\/\/www.saaristonruoppaus.fi\/sv\/wp-json\/wp\/v2\/pages\/16\/revisions"}],"wp:featuredmedia":[{"embeddable":true,"href":"https:\/\/www.saaristonruoppaus.fi\/sv\/wp-json\/wp\/v2\/media\/109"}],"wp:attachment":[{"href":"https:\/\/www.saaristonruoppaus.fi\/sv\/wp-json\/wp\/v2\/media?parent=16"}],"curies":[{"name":"wp","href":"https:\/\/api.w.org\/{rel}","templated":true}]}}