{"id":13,"date":"2013-11-14T13:33:10","date_gmt":"2013-11-14T13:33:10","guid":{"rendered":"http:\/\/saaristonruoppaus.fi\/ruoppaus2013\/?page_id=13"},"modified":"2017-09-13T12:54:46","modified_gmt":"2017-09-13T09:54:46","slug":"muddring","status":"publish","type":"page","link":"https:\/\/www.saaristonruoppaus.fi\/sv\/muddring\/","title":{"rendered":"Muddring"},"content":{"rendered":"<div class=\"wpb-content-wrapper\"><p>[vc_row][vc_column width=&#8221;1\/2&#8243;][vc_column_text]<\/p>\n<h1>Muddring<\/h1>\n<p>B\u00e5t- och strandlivet har \u00f6kat redan i m\u00e5nga \u00e5r, och str\u00e4nderna i sk\u00e4rg\u00e5rden blir allt intressantare. Men grunda och vassbevuxna str\u00e4nder \u00e4r inte speciellt trevliga \u2013 d\u00e5 beh\u00f6vs v\u00e5rt kunnande. Muddring \u00e4r det enkla s\u00e4ttet att f\u00f6rnya stranden, och en bra v\u00e5gbrytare g\u00f6r den \u00f6ppna stugstranden till en perfekt hamnplats.<\/p>\n<p>Kuuppa klarar av att frakta bort hela 50 m3 muddermassa, och om milj\u00f6myndigheterna gett sitt tillst\u00e5nd g\u00e5r det l\u00e4tt att deponera massorna p\u00e5 sj\u00f6botten tack vare Kuuppas bottenluckor.<\/p>\n<p>Muddrings\u00e5tg\u00e4rder ska alltid planeras och genomf\u00f6ras omsorgsfullt!<\/p>\n<p>Mera information finns p\u00e5 <a href=\"http:\/\/www.ymparisto.fi\/sv-FI\/Vatten\/Restaurering_av_vattendrag\/Restaurering_av_strander\/Strandmuddring\">Milj\u00f6ministeriets hemsidor<\/a>.[\/vc_column_text][\/vc_column][vc_column width=&#8221;1\/2&#8243;][vc_gallery type=&#8221;flexslider_slide&#8221; interval=&#8221;5&#8243; images=&#8221;112,113,114,117,370,367,364,361,358&#8243; img_size=&#8221;large&#8221;][\/vc_column][\/vc_row][vc_row][vc_column width=&#8221;2\/3&#8243;][vc_column_text]<\/p>\n<h3>Hur skall man f\u00e5 en lyckad muddring?<\/h3>\n<ul>\n<li>Grovplanera arbetet.<\/li>\n<li>Diskutera projektet med grannar, vattenomr\u00e5dets \u00e4gare, fiskelag och lokala milj\u00f6myndigheter.<\/li>\n<li>Planera muddringen omsorgsfullt tillsammans med de lokala milj\u00f6myndigheterna. De vet vilka tillst\u00e5nd som beh\u00f6vs.<\/li>\n<li>G\u00f6r en anm\u00e4lan till de lokala milj\u00f6myndigheterna, till vattenomr\u00e5dets \u00e4gare, och gl\u00f6m inte heller att informera dina grannar om projektet.<\/li>\n<li>Om muddringen \u00e4r mycket omfattande ska du ans\u00f6ka om tillst\u00e5nd av milj\u00f6tillst\u00e5ndsverket.<\/li>\n<li>S\u00e4tt ig\u00e5ng med jobbet!<\/li>\n<\/ul>\n<p>Den lokala milj\u00f6myndigheten ger g\u00e4rna r\u00e5d. De kan till exempel ber\u00e4tta om det r\u00e4cker med en anm\u00e4lan eller om det beh\u00f6vs tillst\u00e5nd av milj\u00f6st\u00e5ndsverket.<\/p>\n<p><strong>OBS!<\/strong>\u00a0Den som best\u00e4ller muddringen \u00e4r ocks\u00e5 ansvarig f\u00f6r att \u00f6vervaka jobbet, om inte annat avtalas med entrepren\u00f6ren.[\/vc_column_text][vc_column_text]<\/p>\n<h3>Spr\u00e4ngning<\/h3>\n<p>Har du en stor sten eller berg under vattenytan vid stranden, som inte f\u00e5s bort genom muddring? Tillsammans med v\u00e5r samarbetspartner f\u00e5r vi, genom spr\u00e4ngning, bort \u00e4ven st\u00f6rre hinder. V\u00e5r samarbetspartner spr\u00e4nger och vi gr\u00e4ver och transporterar bort spr\u00e4ngstenen. Av spr\u00e4ngstenen kan vi \u00e4ven forma en v\u00e5gbrytare som skydd f\u00f6r din hamn.[\/vc_column_text][vc_cta_button call_text=&#8221;Blev du intresserad?&#8221; title=&#8221;Beg\u00e4r offert!&#8221; color=&#8221;btn-success&#8221; icon=&#8221;wpb_mail&#8221; size=&#8221;btn-large&#8221; position=&#8221;cta_align_bottom&#8221; href=&#8221;begar-offert&#8221;][\/vc_column][vc_column width=&#8221;1\/3&#8243;][vc_posts_slider count=&#8221;All&#8221; interval=&#8221;5&#8243; slides_content=&#8221;teaser&#8221; slides_title=&#8221;1&#8243; thumb_size=&#8221;large&#8221; orderby=&#8221;date&#8221; order=&#8221;ASC&#8221; posttypes=&#8221;portfolio&#8221; title=&#8221;Referenser&#8221;][\/vc_column][\/vc_row]<\/p>\n<\/div>","protected":false},"excerpt":{"rendered":"<p>B\u00e5t- och strandlivet har \u00f6kat redan i m\u00e5nga \u00e5r, och str\u00e4nderna i sk\u00e4rg\u00e5rden blir allt intressantare. <\/p>\n<a class=\"teaser-button\" href=\"https:\/\/www.saaristonruoppaus.fi\/sv\/muddring\/\">L\u00e4s mer...<\/a>","protected":false},"author":1,"featured_media":108,"parent":0,"menu_order":2,"comment_status":"closed","ping_status":"open","template":"","meta":{"_genesis_hide_title":false,"_genesis_hide_breadcrumbs":false,"_genesis_hide_singular_image":false,"_genesis_hide_footer_widgets":false,"_genesis_custom_body_class":"","_genesis_custom_post_class":"","_genesis_layout":"","footnotes":""},"class_list":{"0":"post-13","1":"page","2":"type-page","3":"status-publish","4":"has-post-thumbnail","6":"entry"},"yoast_head":"<!-- This site is optimized with the Yoast SEO plugin v27.1.1 - https:\/\/yoast.com\/product\/yoast-seo-wordpress\/ -->\n<title>Muddring - Sk&auml;rg&aring;rdens Muddring Ab<\/title>\n<meta name=\"robots\" content=\"index, follow, max-snippet:-1, max-image-preview:large, max-video-preview:-1\" \/>\n<link rel=\"canonical\" href=\"https:\/\/www.saaristonruoppaus.fi\/sv\/muddring\/\" \/>\n<meta property=\"og:locale\" content=\"sv_SE\" \/>\n<meta property=\"og:type\" content=\"article\" \/>\n<meta property=\"og:title\" content=\"Muddring - Sk&auml;rg&aring;rdens Muddring Ab\" \/>\n<meta property=\"og:description\" content=\"B\u00e5t- och strandlivet har \u00f6kat redan i m\u00e5nga \u00e5r, och str\u00e4nderna i sk\u00e4rg\u00e5rden blir allt intressantare.\" \/>\n<meta property=\"og:url\" content=\"https:\/\/www.saaristonruoppaus.fi\/sv\/muddring\/\" \/>\n<meta property=\"og:site_name\" content=\"Sk&auml;rg&aring;rdens Muddring Ab\" \/>\n<meta property=\"article:modified_time\" content=\"2017-09-13T09:54:46+00:00\" \/>\n<meta property=\"og:image\" content=\"https:\/\/www.saaristonruoppaus.fi\/wp-content\/uploads\/2013\/11\/ruoppaus.png\" \/>\n\t<meta property=\"og:image:width\" content=\"150\" \/>\n\t<meta property=\"og:image:height\" content=\"150\" \/>\n\t<meta property=\"og:image:type\" content=\"image\/png\" \/>\n<meta name=\"twitter:label1\" content=\"Ber\u00e4knad l\u00e4stid\" \/>\n\t<meta name=\"twitter:data1\" content=\"2 minuter\" \/>\n<script type=\"application\/ld+json\" class=\"yoast-schema-graph\">{\"@context\":\"https:\/\/schema.org\",\"@graph\":[{\"@type\":\"WebPage\",\"@id\":\"https:\/\/www.saaristonruoppaus.fi\/sv\/muddring\/\",\"url\":\"https:\/\/www.saaristonruoppaus.fi\/sv\/muddring\/\",\"name\":\"Muddring - Sk&auml;rg&aring;rdens Muddring Ab\",\"isPartOf\":{\"@id\":\"https:\/\/www.saaristonruoppaus.fi\/sv\/#website\"},\"primaryImageOfPage\":{\"@id\":\"https:\/\/www.saaristonruoppaus.fi\/sv\/muddring\/#primaryimage\"},\"image\":{\"@id\":\"https:\/\/www.saaristonruoppaus.fi\/sv\/muddring\/#primaryimage\"},\"thumbnailUrl\":\"https:\/\/www.saaristonruoppaus.fi\/wp-content\/uploads\/2013\/11\/ruoppaus.png\",\"datePublished\":\"2013-11-14T13:33:10+00:00\",\"dateModified\":\"2017-09-13T09:54:46+00:00\",\"inLanguage\":\"sv-SE\",\"potentialAction\":[{\"@type\":\"ReadAction\",\"target\":[\"https:\/\/www.saaristonruoppaus.fi\/sv\/muddring\/\"]}]},{\"@type\":\"ImageObject\",\"inLanguage\":\"sv-SE\",\"@id\":\"https:\/\/www.saaristonruoppaus.fi\/sv\/muddring\/#primaryimage\",\"url\":\"https:\/\/www.saaristonruoppaus.fi\/wp-content\/uploads\/2013\/11\/ruoppaus.png\",\"contentUrl\":\"https:\/\/www.saaristonruoppaus.fi\/wp-content\/uploads\/2013\/11\/ruoppaus.png\",\"width\":150,\"height\":150,\"caption\":\"Muddring\"},{\"@type\":\"WebSite\",\"@id\":\"https:\/\/www.saaristonruoppaus.fi\/sv\/#website\",\"url\":\"https:\/\/www.saaristonruoppaus.fi\/sv\/\",\"name\":\"Sk&auml;rg&aring;rdens Muddring Ab\",\"description\":\"Nu stugstr\u00e4nderna och b\u00e5tlederna i skick!\",\"potentialAction\":[{\"@type\":\"SearchAction\",\"target\":{\"@type\":\"EntryPoint\",\"urlTemplate\":\"https:\/\/www.saaristonruoppaus.fi\/sv\/?s={search_term_string}\"},\"query-input\":{\"@type\":\"PropertyValueSpecification\",\"valueRequired\":true,\"valueName\":\"search_term_string\"}}],\"inLanguage\":\"sv-SE\"}]}<\/script>\n<!-- \/ Yoast SEO plugin. -->","yoast_head_json":{"title":"Muddring - Sk&auml;rg&aring;rdens Muddring Ab","robots":{"index":"index","follow":"follow","max-snippet":"max-snippet:-1","max-image-preview":"max-image-preview:large","max-video-preview":"max-video-preview:-1"},"canonical":"https:\/\/www.saaristonruoppaus.fi\/sv\/muddring\/","og_locale":"sv_SE","og_type":"article","og_title":"Muddring - Sk&auml;rg&aring;rdens Muddring Ab","og_description":"B\u00e5t- och strandlivet har \u00f6kat redan i m\u00e5nga \u00e5r, och str\u00e4nderna i sk\u00e4rg\u00e5rden blir allt intressantare.","og_url":"https:\/\/www.saaristonruoppaus.fi\/sv\/muddring\/","og_site_name":"Sk&auml;rg&aring;rdens Muddring Ab","article_modified_time":"2017-09-13T09:54:46+00:00","og_image":[{"width":150,"height":150,"url":"https:\/\/www.saaristonruoppaus.fi\/wp-content\/uploads\/2013\/11\/ruoppaus.png","type":"image\/png"}],"twitter_misc":{"Ber\u00e4knad l\u00e4stid":"2 minuter"},"schema":{"@context":"https:\/\/schema.org","@graph":[{"@type":"WebPage","@id":"https:\/\/www.saaristonruoppaus.fi\/sv\/muddring\/","url":"https:\/\/www.saaristonruoppaus.fi\/sv\/muddring\/","name":"Muddring - Sk&auml;rg&aring;rdens Muddring Ab","isPartOf":{"@id":"https:\/\/www.saaristonruoppaus.fi\/sv\/#website"},"primaryImageOfPage":{"@id":"https:\/\/www.saaristonruoppaus.fi\/sv\/muddring\/#primaryimage"},"image":{"@id":"https:\/\/www.saaristonruoppaus.fi\/sv\/muddring\/#primaryimage"},"thumbnailUrl":"https:\/\/www.saaristonruoppaus.fi\/wp-content\/uploads\/2013\/11\/ruoppaus.png","datePublished":"2013-11-14T13:33:10+00:00","dateModified":"2017-09-13T09:54:46+00:00","inLanguage":"sv-SE","potentialAction":[{"@type":"ReadAction","target":["https:\/\/www.saaristonruoppaus.fi\/sv\/muddring\/"]}]},{"@type":"ImageObject","inLanguage":"sv-SE","@id":"https:\/\/www.saaristonruoppaus.fi\/sv\/muddring\/#primaryimage","url":"https:\/\/www.saaristonruoppaus.fi\/wp-content\/uploads\/2013\/11\/ruoppaus.png","contentUrl":"https:\/\/www.saaristonruoppaus.fi\/wp-content\/uploads\/2013\/11\/ruoppaus.png","width":150,"height":150,"caption":"Muddring"},{"@type":"WebSite","@id":"https:\/\/www.saaristonruoppaus.fi\/sv\/#website","url":"https:\/\/www.saaristonruoppaus.fi\/sv\/","name":"Sk&auml;rg&aring;rdens Muddring Ab","description":"Nu stugstr\u00e4nderna och b\u00e5tlederna i skick!","potentialAction":[{"@type":"SearchAction","target":{"@type":"EntryPoint","urlTemplate":"https:\/\/www.saaristonruoppaus.fi\/sv\/?s={search_term_string}"},"query-input":{"@type":"PropertyValueSpecification","valueRequired":true,"valueName":"search_term_string"}}],"inLanguage":"sv-SE"}]}},"_links":{"self":[{"href":"https:\/\/www.saaristonruoppaus.fi\/sv\/wp-json\/wp\/v2\/pages\/13","targetHints":{"allow":["GET"]}}],"collection":[{"href":"https:\/\/www.saaristonruoppaus.fi\/sv\/wp-json\/wp\/v2\/pages"}],"about":[{"href":"https:\/\/www.saaristonruoppaus.fi\/sv\/wp-json\/wp\/v2\/types\/page"}],"author":[{"embeddable":true,"href":"https:\/\/www.saaristonruoppaus.fi\/sv\/wp-json\/wp\/v2\/users\/1"}],"replies":[{"embeddable":true,"href":"https:\/\/www.saaristonruoppaus.fi\/sv\/wp-json\/wp\/v2\/comments?post=13"}],"version-history":[{"count":0,"href":"https:\/\/www.saaristonruoppaus.fi\/sv\/wp-json\/wp\/v2\/pages\/13\/revisions"}],"wp:featuredmedia":[{"embeddable":true,"href":"https:\/\/www.saaristonruoppaus.fi\/sv\/wp-json\/wp\/v2\/media\/108"}],"wp:attachment":[{"href":"https:\/\/www.saaristonruoppaus.fi\/sv\/wp-json\/wp\/v2\/media?parent=13"}],"curies":[{"name":"wp","href":"https:\/\/api.w.org\/{rel}","templated":true}]}}